{"id":16955,"date":"2023-03-15T11:52:48","date_gmt":"2023-03-15T10:52:48","guid":{"rendered":"https:\/\/www.sonntag-partner.de\/?page_id=16955"},"modified":"2025-02-19T15:07:36","modified_gmt":"2025-02-19T14:07:36","slug":"geothermal-competence","status":"publish","type":"page","link":"https:\/\/www.sonntag-partner.de\/en\/solution-oriented\/geothermal-competence\/","title":{"rendered":"Geothermal competence"},"content":{"rendered":"<h2>Das SONNTAG Geothermie-Team bringt die Strom- und W\u00e4rmewende voran.<\/h2>\n<p>Seit 2004 hat das Team in zentraler Funktion als betriebswirtschaftlicher und rechtlicher Berater Tiefengeothermieprojekten mit einer thermischen Leistung von insgesamt \u00fcber 200 MW und einem Investitionsvolumen von \u00fcber 500 Mio. Euro zur Umsetzung verholfen.<\/p>\n<p>Das Beratungsspektrum umfasst vor allem klassische Tiefengeothermieprojekte mit Bohrteufen von 3.000 bis \u00fcber 5.000 Metern zur Stromerzeugung und Fernw\u00e4rmeversorgung mit umfangreichem Netzaufbau.<\/p>\n<p>Im Team arbeiten Betriebswirte und Rechtsanw\u00e4lte erfolgreich Hand-in-Hand. Mit viel Leidenschaft und Expertise haben wir so bereits \u00fcber 60 Geothermieprojekte in der Boom-Region im bayerischen Molassebecken, im Norddeutschen Becken, im Oberrheingraben und im Ausland unterst\u00fctzt.<\/p>\n<p>Das Team ist bestens vernetzt mit vielen weiteren Geothermie-Experten, wie Geologen, Ingenieuren und Versicherungsmaklern, die teilweise schon \u201evon der ersten Stunde\u201c an die Erdw\u00e4rmenutzung in Deutschland vorangebracht haben. Mit allen Fachleuten f\u00fcr Geothermie arbeitet das Team unabh\u00e4ngig zusammen.<\/p>\n","protected":false},"excerpt":{"rendered":"<p>Das SONNTAG Geothermie-Team bringt die Strom- und W\u00e4rmewende voran. Seit 2004 hat das Team in zentraler Funktion als betriebswirtschaftlicher und rechtlicher Berater Tiefengeothermieprojekten mit einer thermischen Leistung von insgesamt \u00fcber 200 MW und einem Investitionsvolumen von \u00fcber 500 Mio. Euro zur Umsetzung verholfen. Das Beratungsspektrum umfasst vor allem klassische Tiefengeothermieprojekte mit Bohrteufen von 3.000 bis<\/p>\n","protected":false},"author":19,"featured_media":0,"parent":8312,"menu_order":0,"comment_status":"closed","ping_status":"closed","template":"","meta":{"_acf_changed":false,"footnotes":""},"class_list":["post-16955","page","type-page","status-publish","hentry"],"acf":[],"aioseo_notices":[],"_links":{"self":[{"href":"https:\/\/www.sonntag-partner.de\/en\/wp-json\/wp\/v2\/pages\/16955","targetHints":{"allow":["GET"]}}],"collection":[{"href":"https:\/\/www.sonntag-partner.de\/en\/wp-json\/wp\/v2\/pages"}],"about":[{"href":"https:\/\/www.sonntag-partner.de\/en\/wp-json\/wp\/v2\/types\/page"}],"author":[{"embeddable":true,"href":"https:\/\/www.sonntag-partner.de\/en\/wp-json\/wp\/v2\/users\/19"}],"replies":[{"embeddable":true,"href":"https:\/\/www.sonntag-partner.de\/en\/wp-json\/wp\/v2\/comments?post=16955"}],"version-history":[{"count":5,"href":"https:\/\/www.sonntag-partner.de\/en\/wp-json\/wp\/v2\/pages\/16955\/revisions"}],"predecessor-version":[{"id":20850,"href":"https:\/\/www.sonntag-partner.de\/en\/wp-json\/wp\/v2\/pages\/16955\/revisions\/20850"}],"up":[{"embeddable":true,"href":"https:\/\/www.sonntag-partner.de\/en\/wp-json\/wp\/v2\/pages\/8312"}],"wp:attachment":[{"href":"https:\/\/www.sonntag-partner.de\/en\/wp-json\/wp\/v2\/media?parent=16955"}],"curies":[{"name":"wp","href":"https:\/\/api.w.org\/{rel}","templated":true}]}}