{"id":19444,"date":"2024-09-19T11:39:16","date_gmt":"2024-09-19T09:39:16","guid":{"rendered":"https:\/\/www.sonntag-partner.de\/?page_id=19444"},"modified":"2024-09-19T11:39:16","modified_gmt":"2024-09-19T09:39:16","slug":"real-estate-project-development","status":"publish","type":"page","link":"https:\/\/www.sonntag-partner.de\/en\/solution-oriented\/real-estate-project-development\/","title":{"rendered":"Real Estate | Project Development"},"content":{"rendered":"<p>Die Schaffung neuer Baurechte ist ein komplexer und h\u00e4ufig rechtlicher fehleranf\u00e4lliger Vorgang. Neben juristischer Expertise ist vor allem Verst\u00e4ndnis f\u00fcr die typischen Vorg\u00e4nge und Abl\u00e4ufe innerhalb der jeweiligen Verwaltungs- und Fachbeh\u00f6rden und ein Gesp\u00fcr f\u00fcr politische Abl\u00e4ufe und die Beteiligung von Nachbarn, bzw. der \u00d6ffentlichkeit erforderlich. Wir begleiten unsere Mandanten seit mehreren Jahrzehnten sowohl bei der erfolgreichen Schaffung von neuen Baurechten, als auch beim Bauen im Bestand.<\/p>\r\n","protected":false},"excerpt":{"rendered":"<p>Die Schaffung neuer Baurechte ist ein komplexer und h\u00e4ufig rechtlicher fehleranf\u00e4lliger Vorgang. Neben juristischer Expertise ist vor allem Verst\u00e4ndnis f\u00fcr die typischen Vorg\u00e4nge und Abl\u00e4ufe innerhalb der jeweiligen Verwaltungs- und Fachbeh\u00f6rden und ein Gesp\u00fcr f\u00fcr politische Abl\u00e4ufe und die Beteiligung von Nachbarn, bzw. der \u00d6ffentlichkeit erforderlich. Wir begleiten unsere Mandanten seit mehreren Jahrzehnten sowohl bei<\/p>\n","protected":false},"author":24,"featured_media":0,"parent":8312,"menu_order":0,"comment_status":"closed","ping_status":"closed","template":"","meta":{"_acf_changed":false,"footnotes":""},"class_list":["post-19444","page","type-page","status-publish","hentry"],"acf":[],"aioseo_notices":[],"_links":{"self":[{"href":"https:\/\/www.sonntag-partner.de\/en\/wp-json\/wp\/v2\/pages\/19444","targetHints":{"allow":["GET"]}}],"collection":[{"href":"https:\/\/www.sonntag-partner.de\/en\/wp-json\/wp\/v2\/pages"}],"about":[{"href":"https:\/\/www.sonntag-partner.de\/en\/wp-json\/wp\/v2\/types\/page"}],"author":[{"embeddable":true,"href":"https:\/\/www.sonntag-partner.de\/en\/wp-json\/wp\/v2\/users\/24"}],"replies":[{"embeddable":true,"href":"https:\/\/www.sonntag-partner.de\/en\/wp-json\/wp\/v2\/comments?post=19444"}],"version-history":[{"count":7,"href":"https:\/\/www.sonntag-partner.de\/en\/wp-json\/wp\/v2\/pages\/19444\/revisions"}],"predecessor-version":[{"id":19765,"href":"https:\/\/www.sonntag-partner.de\/en\/wp-json\/wp\/v2\/pages\/19444\/revisions\/19765"}],"up":[{"embeddable":true,"href":"https:\/\/www.sonntag-partner.de\/en\/wp-json\/wp\/v2\/pages\/8312"}],"wp:attachment":[{"href":"https:\/\/www.sonntag-partner.de\/en\/wp-json\/wp\/v2\/media?parent=19444"}],"curies":[{"name":"wp","href":"https:\/\/api.w.org\/{rel}","templated":true}]}}