{"id":19547,"date":"2024-09-19T14:10:14","date_gmt":"2024-09-19T12:10:14","guid":{"rendered":"https:\/\/www.sonntag-partner.de\/?page_id=19547"},"modified":"2024-09-19T14:10:28","modified_gmt":"2024-09-19T12:10:28","slug":"private-building-law-architectural-law","status":"publish","type":"page","link":"https:\/\/www.sonntag-partner.de\/en\/solution-oriented\/private-building-law-architectural-law\/","title":{"rendered":"Private building law | architectural law"},"content":{"rendered":"<p>Gemeinsames Ziel aller Beteiligten eines Bauprojekts muss eine zielorientierte, reibungslose Durchf\u00fchrung und Abwicklung von Bauvorhaben sein. Streitigkeiten binden Aufmerksamkeit, f\u00fchren zu Verz\u00f6gerungen und verursachen vermeidbare Kosten.<\/p>\n","protected":false},"excerpt":{"rendered":"<p>Gemeinsames Ziel aller Beteiligten eines Bauprojekts muss eine zielorientierte, reibungslose Durchf\u00fchrung und Abwicklung von Bauvorhaben sein. Streitigkeiten binden Aufmerksamkeit, f\u00fchren zu Verz\u00f6gerungen und verursachen vermeidbare Kosten.<\/p>\n","protected":false},"author":24,"featured_media":0,"parent":8312,"menu_order":0,"comment_status":"closed","ping_status":"closed","template":"","meta":{"_acf_changed":false,"footnotes":""},"class_list":["post-19547","page","type-page","status-publish","hentry"],"acf":[],"aioseo_notices":[],"_links":{"self":[{"href":"https:\/\/www.sonntag-partner.de\/en\/wp-json\/wp\/v2\/pages\/19547","targetHints":{"allow":["GET"]}}],"collection":[{"href":"https:\/\/www.sonntag-partner.de\/en\/wp-json\/wp\/v2\/pages"}],"about":[{"href":"https:\/\/www.sonntag-partner.de\/en\/wp-json\/wp\/v2\/types\/page"}],"author":[{"embeddable":true,"href":"https:\/\/www.sonntag-partner.de\/en\/wp-json\/wp\/v2\/users\/24"}],"replies":[{"embeddable":true,"href":"https:\/\/www.sonntag-partner.de\/en\/wp-json\/wp\/v2\/comments?post=19547"}],"version-history":[{"count":8,"href":"https:\/\/www.sonntag-partner.de\/en\/wp-json\/wp\/v2\/pages\/19547\/revisions"}],"predecessor-version":[{"id":19784,"href":"https:\/\/www.sonntag-partner.de\/en\/wp-json\/wp\/v2\/pages\/19547\/revisions\/19784"}],"up":[{"embeddable":true,"href":"https:\/\/www.sonntag-partner.de\/en\/wp-json\/wp\/v2\/pages\/8312"}],"wp:attachment":[{"href":"https:\/\/www.sonntag-partner.de\/en\/wp-json\/wp\/v2\/media?parent=19547"}],"curies":[{"name":"wp","href":"https:\/\/api.w.org\/{rel}","templated":true}]}}